{"id":33,"date":"2021-04-17T17:33:20","date_gmt":"2021-04-17T15:33:20","guid":{"rendered":"http:\/\/cercledargent.fr\/?page_id=33"},"modified":"2023-06-15T10:13:12","modified_gmt":"2023-06-15T08:13:12","slug":"cafe-du-jeudi","status":"publish","type":"page","link":"https:\/\/cercledargent.fr\/index.php\/cafe-du-jeudi\/","title":{"rendered":"Caf\u00e9 du jeudi"},"content":{"rendered":"<p>Activit\u00e9 supprim\u00e9e&#8230;<\/p>\n","protected":false},"excerpt":{"rendered":"<p>Activit\u00e9 supprim\u00e9e&#8230;<\/p>\n","protected":false},"author":1,"featured_media":0,"parent":0,"menu_order":0,"comment_status":"closed","ping_status":"closed","template":"","meta":{"arc_restricted_post":false,"footnotes":""},"class_list":["post-33","page","type-page","status-publish","hentry"],"_links":{"self":[{"href":"https:\/\/cercledargent.fr\/index.php\/wp-json\/wp\/v2\/pages\/33","targetHints":{"allow":["GET"]}}],"collection":[{"href":"https:\/\/cercledargent.fr\/index.php\/wp-json\/wp\/v2\/pages"}],"about":[{"href":"https:\/\/cercledargent.fr\/index.php\/wp-json\/wp\/v2\/types\/page"}],"author":[{"embeddable":true,"href":"https:\/\/cercledargent.fr\/index.php\/wp-json\/wp\/v2\/users\/1"}],"replies":[{"embeddable":true,"href":"https:\/\/cercledargent.fr\/index.php\/wp-json\/wp\/v2\/comments?post=33"}],"version-history":[{"count":3,"href":"https:\/\/cercledargent.fr\/index.php\/wp-json\/wp\/v2\/pages\/33\/revisions"}],"predecessor-version":[{"id":951,"href":"https:\/\/cercledargent.fr\/index.php\/wp-json\/wp\/v2\/pages\/33\/revisions\/951"}],"wp:attachment":[{"href":"https:\/\/cercledargent.fr\/index.php\/wp-json\/wp\/v2\/media?parent=33"}],"curies":[{"name":"wp","href":"https:\/\/api.w.org\/{rel}","templated":true}]}}