{"id":22,"date":"2021-04-17T17:31:04","date_gmt":"2021-04-17T15:31:04","guid":{"rendered":"http:\/\/cercledargent.fr\/?page_id=22"},"modified":"2021-11-25T17:08:31","modified_gmt":"2021-11-25T16:08:31","slug":"activites-regulieres","status":"publish","type":"page","link":"https:\/\/cercledargent.fr\/index.php\/activites-regulieres\/","title":{"rendered":"Activit\u00e9s r\u00e9guli\u00e8res"},"content":{"rendered":"<p><img loading=\"lazy\" decoding=\"async\" class=\"alignnone size-full wp-image-400\" src=\"http:\/\/cercledargent.fr\/wp-content\/uploads\/2021\/11\/LOGO-6e-definitif-1.png\" alt=\"\" width=\"194\" height=\"204\" \/><strong>Les activit\u00e9s<\/strong><\/p>\n","protected":false},"excerpt":{"rendered":"<p>Les activit\u00e9s<\/p>\n","protected":false},"author":1,"featured_media":0,"parent":0,"menu_order":0,"comment_status":"closed","ping_status":"closed","template":"","meta":{"arc_restricted_post":false,"footnotes":""},"class_list":["post-22","page","type-page","status-publish","hentry"],"_links":{"self":[{"href":"https:\/\/cercledargent.fr\/index.php\/wp-json\/wp\/v2\/pages\/22","targetHints":{"allow":["GET"]}}],"collection":[{"href":"https:\/\/cercledargent.fr\/index.php\/wp-json\/wp\/v2\/pages"}],"about":[{"href":"https:\/\/cercledargent.fr\/index.php\/wp-json\/wp\/v2\/types\/page"}],"author":[{"embeddable":true,"href":"https:\/\/cercledargent.fr\/index.php\/wp-json\/wp\/v2\/users\/1"}],"replies":[{"embeddable":true,"href":"https:\/\/cercledargent.fr\/index.php\/wp-json\/wp\/v2\/comments?post=22"}],"version-history":[{"count":5,"href":"https:\/\/cercledargent.fr\/index.php\/wp-json\/wp\/v2\/pages\/22\/revisions"}],"predecessor-version":[{"id":412,"href":"https:\/\/cercledargent.fr\/index.php\/wp-json\/wp\/v2\/pages\/22\/revisions\/412"}],"wp:attachment":[{"href":"https:\/\/cercledargent.fr\/index.php\/wp-json\/wp\/v2\/media?parent=22"}],"curies":[{"name":"wp","href":"https:\/\/api.w.org\/{rel}","templated":true}]}}