{"id":137,"date":"2021-05-06T12:05:39","date_gmt":"2021-05-06T10:05:39","guid":{"rendered":"http:\/\/cercledargent.fr\/?page_id=137"},"modified":"2024-11-09T14:45:24","modified_gmt":"2024-11-09T13:45:24","slug":"travaux-manuels","status":"publish","type":"page","link":"https:\/\/cercledargent.fr\/index.php\/travaux-manuels\/","title":{"rendered":"Travaux manuels"},"content":{"rendered":"<h2><img loading=\"lazy\" decoding=\"async\" class=\"alignnone wp-image-130 size-full\" src=\"http:\/\/cercledargent.fr\/wp-content\/uploads\/2021\/05\/photo-expo-2019-reduit.png\" alt=\"\" width=\"600\" height=\"450\" srcset=\"https:\/\/cercledargent.fr\/wp-content\/uploads\/2021\/05\/photo-expo-2019-reduit.png 600w, https:\/\/cercledargent.fr\/wp-content\/uploads\/2021\/05\/photo-expo-2019-reduit-300x225.png 300w\" sizes=\"auto, (max-width: 600px) 100vw, 600px\" \/><\/h2>\n<p>L&rsquo;activit\u00e9 fonctionne du 15 septembre au 30 juin,<\/p>\n<p><strong>le 1er et le 3e lundi du mois, \u00e0 partir de 14 h 30<\/strong><\/p>\n<p>\u00e0 l&rsquo;Espace Atelier, place Jean-Moulin \u00e0\u00a0 La Mulati\u00e8re.<\/p>\n<p>Une exposition-vente a lieu en fin d&rsquo;ann\u00e9e \u00e0 l&rsquo;Espace Rencontre, place Jean-Moulin \u00e0 La Mulati\u00e8re<\/p>\n<h4>Responsables :<\/h4>\n<p>. Mme PAVOUX : 06.89.31.10.34<\/p>\n<p>. Mme BARBER : 06.18.35.15.89<\/p>\n<p>&nbsp;<\/p>\n<p>&nbsp;<\/p>\n<p>&nbsp;<\/p>\n<p>&nbsp;<\/p>\n<h6><\/h6>\n<p>.<\/p>\n<p>&nbsp;<\/p>\n<p>&nbsp;<\/p>\n","protected":false},"excerpt":{"rendered":"<p>L&rsquo;activit\u00e9 fonctionne du 15 septembre au 30 juin, le 1er et le 3e lundi du mois, \u00e0 partir de 14 h 30 \u00e0 l&rsquo;Espace Atelier, place Jean-Moulin \u00e0\u00a0 La Mulati\u00e8re. Une exposition-vente a lieu en fin d&rsquo;ann\u00e9e \u00e0 l&rsquo;Espace Rencontre, place Jean-Moulin \u00e0 La Mulati\u00e8re Responsables : . Mme PAVOUX : 06.89.31.10.34 . Mme BARBER &hellip; <a href=\"https:\/\/cercledargent.fr\/index.php\/travaux-manuels\/\" class=\"more-link\">Continuer la lecture de <span class=\"screen-reader-text\">Travaux manuels<\/span>  <span class=\"meta-nav\">&rarr;<\/span><\/a><\/p>\n","protected":false},"author":1,"featured_media":0,"parent":0,"menu_order":0,"comment_status":"closed","ping_status":"closed","template":"","meta":{"arc_restricted_post":false,"footnotes":""},"class_list":["post-137","page","type-page","status-publish","hentry"],"_links":{"self":[{"href":"https:\/\/cercledargent.fr\/index.php\/wp-json\/wp\/v2\/pages\/137","targetHints":{"allow":["GET"]}}],"collection":[{"href":"https:\/\/cercledargent.fr\/index.php\/wp-json\/wp\/v2\/pages"}],"about":[{"href":"https:\/\/cercledargent.fr\/index.php\/wp-json\/wp\/v2\/types\/page"}],"author":[{"embeddable":true,"href":"https:\/\/cercledargent.fr\/index.php\/wp-json\/wp\/v2\/users\/1"}],"replies":[{"embeddable":true,"href":"https:\/\/cercledargent.fr\/index.php\/wp-json\/wp\/v2\/comments?post=137"}],"version-history":[{"count":16,"href":"https:\/\/cercledargent.fr\/index.php\/wp-json\/wp\/v2\/pages\/137\/revisions"}],"predecessor-version":[{"id":1280,"href":"https:\/\/cercledargent.fr\/index.php\/wp-json\/wp\/v2\/pages\/137\/revisions\/1280"}],"wp:attachment":[{"href":"https:\/\/cercledargent.fr\/index.php\/wp-json\/wp\/v2\/media?parent=137"}],"curies":[{"name":"wp","href":"https:\/\/api.w.org\/{rel}","templated":true}]}}